{"id":196,"date":"2025-09-30T11:49:29","date_gmt":"2025-09-30T11:49:29","guid":{"rendered":"https:\/\/bimm.com.ar\/?page_id=196"},"modified":"2026-03-17T20:23:07","modified_gmt":"2026-03-17T20:23:07","slug":"la-feria","status":"publish","type":"page","link":"https:\/\/bimm.com.ar\/index.php\/la-feria\/","title":{"rendered":"La Feria"},"content":{"rendered":"<p>[et_pb_section fb_built=\u00bb1&#8243; admin_label=\u00bbHeader &#038; Products\u00bb _builder_version=\u00bb4.27.4&#8243; _module_preset=\u00bbdefault\u00bb use_background_color_gradient=\u00bbon\u00bb background_color_gradient_stops=\u00bbrgba(0,0,0,0.24) 0%|rgba(0,0,0,0.72) 100%\u00bb background_color_gradient_overlays_image=\u00bbon\u00bb background_image=\u00bbhttps:\/\/bimm.com.ar\/wp-content\/uploads\/2025\/09\/hombre-en-traje-especial-pulido-de-metal-con-amoladora-angular.png\u00bb collapsed=\u00bboff\u00bb global_colors_info=\u00bb{}\u00bb][et_pb_row _builder_version=\u00bb4.25.0&#8243; _module_preset=\u00bbdefault\u00bb max_width=\u00bb800px\u00bb locked=\u00bboff\u00bb global_colors_info=\u00bb{}\u00bb][et_pb_column type=\u00bb4_4&#8243; _builder_version=\u00bb4.23.2&#8243; _module_preset=\u00bbdefault\u00bb global_colors_info=\u00bb{}\u00bb][et_pb_text _builder_version=\u00bb4.27.4&#8243; _module_preset=\u00bb8c6caa8d-a4cd-4eb0-a624-7b4dacc1a21f\u00bb header_font=\u00bbOutfit|700|||||||\u00bb header_text_color=\u00bb#FFFFFF\u00bb text_orientation=\u00bbcenter\u00bb custom_margin=\u00bb||10px||false|false\u00bb global_colors_info=\u00bb{}\u00bb]<\/p>\n<h1>La Feria<\/h1>\n<p>[\/et_pb_text][et_pb_text _builder_version=\u00bb4.27.4&#8243; _module_preset=\u00bb58d91624-2239-43f8-8fbd-2f1ef7eb4f17&#8243; text_font=\u00bbPoppins||||||||\u00bb text_text_color=\u00bb#FFFFFF\u00bb text_font_size=\u00bb18px\u00bb text_orientation=\u00bbcenter\u00bb locked=\u00bboff\u00bb global_colors_info=\u00bb{}\u00bb]<\/p>\n<p>Motor de la industria metalmec\u00e1nica <\/p>\n<p>[\/et_pb_text][\/et_pb_column][\/et_pb_row][\/et_pb_section][et_pb_section fb_built=\u00bb1&#8243; admin_label=\u00bbProducts\u00bb _builder_version=\u00bb4.23.2&#8243; _module_preset=\u00bbdefault\u00bb collapsed=\u00bboff\u00bb global_colors_info=\u00bb{}\u00bb][et_pb_row _builder_version=\u00bb4.27.4&#8243; _module_preset=\u00bbdefault\u00bb global_colors_info=\u00bb{}\u00bb][et_pb_column type=\u00bb4_4&#8243; _builder_version=\u00bb4.23.2&#8243; _module_preset=\u00bbdefault\u00bb global_colors_info=\u00bb{}\u00bb][et_pb_text _builder_version=\u00bb4.27.4&#8243; _module_preset=\u00bb58d91624-2239-43f8-8fbd-2f1ef7eb4f17&#8243; text_font=\u00bbPoppins||||||||\u00bb text_font_size=\u00bb15px\u00bb text_line_height=\u00bb1.8em\u00bb header_4_font=\u00bbOutfit|600|||||||\u00bb header_4_text_color=\u00bb#ff6235&#8243; header_4_font_size=\u00bb19px\u00bb header_4_letter_spacing=\u00bb1px\u00bb text_orientation=\u00bbcenter\u00bb global_colors_info=\u00bb{}\u00bb]<\/p>\n<p style=\"text-align: justify;\">En mayo de 2026 llega a C\u00f3rdoba la <strong>primera Bienal Metalmec\u00e1nica (BIMM)<\/strong>, el punto de encuentro de la tecnolog\u00eda y la producci\u00f3n. El evento reunir\u00e1 lo \u00faltimo en innovaci\u00f3n aplicada a los sectores <strong>metalmec\u00e1nico, metal\u00fargico, agroindustrial, de l\u00ednea blanca, automotriz<\/strong>, y muchos m\u00e1s.<\/p>\n<p>Organizada por la<strong> C\u00e1mara Argentina de la M\u00e1quina-Herramienta y Tecnolog\u00edas para la Producci\u00f3n (CARMAHE)<\/strong>, tambi\u00e9n co-organizadora de <strong>FIMAQH<\/strong>, y la <strong>C\u00e1mara de Industriales Metal\u00fargicos y de Componentes de C\u00f3rdoba (CIMCC)<\/strong>, BIMM nace con <strong>una fuerte impronta federal<\/strong> y un claro objetivo: conectar a la industria nacional con el futuro de la producci\u00f3n.<\/p>\n<p>Desde el coraz\u00f3n del pa\u00eds, BIMM invita a <strong>empresarios industriales, estudiantes t\u00e9cnicos, ingenieros, emprendedores y entusiastas<\/strong> a descubrir y vivir de cerca las tecnolog\u00edas que est\u00e1n transformando el trabajo argentino.<\/p>\n<p>&nbsp;<\/p>\n<h4 style=\"text-align: center;\"><strong>Form\u00e1 parte de BIMM el 28, 29 y 30 de mayo de 2026 en C\u00f3rdoba, Argentina.<\/strong><\/h4>\n<p>[\/et_pb_text][\/et_pb_column][\/et_pb_row][\/et_pb_section][et_pb_section fb_built=\u00bb1&#8243; admin_label=\u00bbCall to Action\u00bb module_id=\u00bb#exponer\u00bb _builder_version=\u00bb4.27.4&#8243; _module_preset=\u00bbdefault\u00bb background_color=\u00bb#0d9488&#8243; use_background_color_gradient=\u00bbon\u00bb background_color_gradient_type=\u00bbelliptical\u00bb background_color_gradient_stops=\u00bb#0d9488 0%|#0b766c 100%\u00bb link_option_url=\u00bb \u00bb locked=\u00bboff\u00bb collapsed=\u00bboff\u00bb global_colors_info=\u00bb{%22#83c5be%22:%91%22background_color%22%93}\u00bb][et_pb_row column_structure=\u00bb1_2,1_2&#8243; admin_label=\u00bbquiero exponer\u00bb module_id=\u00bb exponer\u00bb _builder_version=\u00bb4.27.4&#8243; _module_preset=\u00bbdefault\u00bb max_width=\u00bb1320px\u00bb link_option_url=\u00bb \u00bb locked=\u00bboff\u00bb global_colors_info=\u00bb{}\u00bb][et_pb_column type=\u00bb1_2&#8243; _builder_version=\u00bb4.25.2&#8243; _module_preset=\u00bbdefault\u00bb global_colors_info=\u00bb{}\u00bb][et_pb_heading title=\u00bbQuiero Exponer\u00bb _builder_version=\u00bb4.27.4&#8243; _module_preset=\u00bb6288a2fe-9f01-4240-b982-b12b17bf2fa2&#8243; title_font=\u00bbOutfit||||||||\u00bb title_text_color=\u00bb#FFFFFF\u00bb title_font_size=\u00bb50px\u00bb custom_margin=\u00bb||10px||false|false\u00bb global_colors_info=\u00bb{}\u00bb][\/et_pb_heading][et_pb_text _builder_version=\u00bb4.27.4&#8243; _module_preset=\u00bb9803beee-9073-496a-a349-722f644aca79&#8243; text_font=\u00bbPoppins||||||||\u00bb text_text_color=\u00bb#FFFFFF\u00bb text_font_size=\u00bb18px\u00bb global_colors_info=\u00bb{}\u00bb]<\/p>\n<p><strong>Impuls\u00e1 tus negocios. Form\u00e1 parte de BIMM.<\/strong><br \/>Complet\u00e1 el formulario, la organizaci\u00f3n se pondr\u00e1 en contacto.<\/p>\n<p>[\/et_pb_text][\/et_pb_column][et_pb_column type=\u00bb1_2&#8243; _builder_version=\u00bb4.25.2&#8243; _module_preset=\u00bb3fca8e93-6ecf-4e40-91c8-b0d0b5ce4b04&#8243; global_colors_info=\u00bb{}\u00bb][et_pb_contact_form email=\u00bbcoordinacion@bimm.com.ar\u00bb success_message=\u00bbLa organizaci\u00f3n se pondr\u00e1 en contacto para efectivizar su reserva\u00bb _builder_version=\u00bb4.27.4&#8243; _module_preset=\u00bbbd7308e2-e583-4527-b82a-1827a8b353dd\u00bb _unique_id=\u00bb37352547-b97b-4413-85e2-b00056b20234&#8243; form_field_font=\u00bbPoppins||||||||\u00bb button_border_color=\u00bb#FFFFFF\u00bb button_font=\u00bbPoppins||||||||\u00bb locked=\u00bboff\u00bb global_colors_info=\u00bb{}\u00bb][et_pb_contact_field field_id=\u00bbName\u00bb field_title=\u00bbNombre\/Apellido\u00bb fullwidth_field=\u00bbon\u00bb _builder_version=\u00bb4.27.4&#8243; _module_preset=\u00bbdefault\u00bb global_colors_info=\u00bb{}\u00bb button_text_size__hover_enabled=\u00bboff\u00bb button_one_text_size__hover_enabled=\u00bboff\u00bb button_two_text_size__hover_enabled=\u00bboff\u00bb button_text_color__hover_enabled=\u00bboff\u00bb button_one_text_color__hover_enabled=\u00bboff\u00bb button_two_text_color__hover_enabled=\u00bboff\u00bb button_border_width__hover_enabled=\u00bboff\u00bb button_one_border_width__hover_enabled=\u00bboff\u00bb button_two_border_width__hover_enabled=\u00bboff\u00bb button_border_color__hover_enabled=\u00bboff\u00bb button_one_border_color__hover_enabled=\u00bboff\u00bb button_two_border_color__hover_enabled=\u00bboff\u00bb button_border_radius__hover_enabled=\u00bboff\u00bb button_one_border_radius__hover_enabled=\u00bboff\u00bb button_two_border_radius__hover_enabled=\u00bboff\u00bb button_letter_spacing__hover_enabled=\u00bboff\u00bb button_one_letter_spacing__hover_enabled=\u00bboff\u00bb button_two_letter_spacing__hover_enabled=\u00bboff\u00bb button_bg_color__hover_enabled=\u00bboff\u00bb button_one_bg_color__hover_enabled=\u00bboff\u00bb button_two_bg_color__hover_enabled=\u00bboff\u00bb][\/et_pb_contact_field][et_pb_contact_field field_id=\u00bbEmpresa\u00bb field_title=\u00bbEmpresa\u00bb fullwidth_field=\u00bbon\u00bb _builder_version=\u00bb4.27.4&#8243; _module_preset=\u00bbdefault\u00bb global_colors_info=\u00bb{}\u00bb][\/et_pb_contact_field][et_pb_contact_field field_id=\u00bbEmail\u00bb field_title=\u00bbEmail \u00bb field_type=\u00bbemail\u00bb fullwidth_field=\u00bbon\u00bb _builder_version=\u00bb4.27.4&#8243; _module_preset=\u00bbdefault\u00bb global_colors_info=\u00bb{}\u00bb button_text_size__hover_enabled=\u00bboff\u00bb button_one_text_size__hover_enabled=\u00bboff\u00bb button_two_text_size__hover_enabled=\u00bboff\u00bb button_text_color__hover_enabled=\u00bboff\u00bb button_one_text_color__hover_enabled=\u00bboff\u00bb button_two_text_color__hover_enabled=\u00bboff\u00bb button_border_width__hover_enabled=\u00bboff\u00bb button_one_border_width__hover_enabled=\u00bboff\u00bb button_two_border_width__hover_enabled=\u00bboff\u00bb button_border_color__hover_enabled=\u00bboff\u00bb button_one_border_color__hover_enabled=\u00bboff\u00bb button_two_border_color__hover_enabled=\u00bboff\u00bb button_border_radius__hover_enabled=\u00bboff\u00bb button_one_border_radius__hover_enabled=\u00bboff\u00bb button_two_border_radius__hover_enabled=\u00bboff\u00bb button_letter_spacing__hover_enabled=\u00bboff\u00bb button_one_letter_spacing__hover_enabled=\u00bboff\u00bb button_two_letter_spacing__hover_enabled=\u00bboff\u00bb button_bg_color__hover_enabled=\u00bboff\u00bb button_one_bg_color__hover_enabled=\u00bboff\u00bb button_two_bg_color__hover_enabled=\u00bboff\u00bb][\/et_pb_contact_field][et_pb_contact_field field_id=\u00bbTel\u00e9fono\u00bb field_title=\u00bbTel\u00e9fono\u00bb fullwidth_field=\u00bbon\u00bb _builder_version=\u00bb4.27.4&#8243; _module_preset=\u00bbdefault\u00bb global_colors_info=\u00bb{}\u00bb button_text_size__hover_enabled=\u00bboff\u00bb button_one_text_size__hover_enabled=\u00bboff\u00bb button_two_text_size__hover_enabled=\u00bboff\u00bb button_text_color__hover_enabled=\u00bboff\u00bb button_one_text_color__hover_enabled=\u00bboff\u00bb button_two_text_color__hover_enabled=\u00bboff\u00bb button_border_width__hover_enabled=\u00bboff\u00bb button_one_border_width__hover_enabled=\u00bboff\u00bb button_two_border_width__hover_enabled=\u00bboff\u00bb button_border_color__hover_enabled=\u00bboff\u00bb button_one_border_color__hover_enabled=\u00bboff\u00bb button_two_border_color__hover_enabled=\u00bboff\u00bb button_border_radius__hover_enabled=\u00bboff\u00bb button_one_border_radius__hover_enabled=\u00bboff\u00bb button_two_border_radius__hover_enabled=\u00bboff\u00bb button_letter_spacing__hover_enabled=\u00bboff\u00bb button_one_letter_spacing__hover_enabled=\u00bboff\u00bb button_two_letter_spacing__hover_enabled=\u00bboff\u00bb button_bg_color__hover_enabled=\u00bboff\u00bb button_one_bg_color__hover_enabled=\u00bboff\u00bb button_two_bg_color__hover_enabled=\u00bboff\u00bb][\/et_pb_contact_field][et_pb_contact_field field_id=\u00bbMensaje\u00bb field_title=\u00bbMensaje\u00bb field_type=\u00bbtext\u00bb required_mark=\u00bboff\u00bb fullwidth_field=\u00bbon\u00bb _builder_version=\u00bb4.27.4&#8243; _module_preset=\u00bbdefault\u00bb global_colors_info=\u00bb{}\u00bb][\/et_pb_contact_field][\/et_pb_contact_form][\/et_pb_column][\/et_pb_row][\/et_pb_section][et_pb_section fb_built=\u00bb1&#8243; admin_label=\u00bbPlanimetr\u00eda\u00bb module_id=\u00bbplanimetria-bimm\u00bb _builder_version=\u00bb4.27.4&#8243; _module_preset=\u00bbdefault\u00bb global_colors_info=\u00bb{}\u00bb][et_pb_row _builder_version=\u00bb4.27.4&#8243; _module_preset=\u00bbdefault\u00bb global_colors_info=\u00bb{}\u00bb][et_pb_column type=\u00bb4_4&#8243; _builder_version=\u00bb4.27.4&#8243; _module_preset=\u00bbdefault\u00bb global_colors_info=\u00bb{}\u00bb][et_pb_image src=\u00bbhttps:\/\/bimm.com.ar\/wp-content\/uploads\/2026\/03\/planimetria-16-03-1.jpg\u00bb title_text=\u00bbplanimetr\u00eda 16-03&#8243; show_in_lightbox=\u00bbon\u00bb _builder_version=\u00bb4.27.6&#8243; _module_preset=\u00bbdefault\u00bb hover_enabled=\u00bb0&#8243; global_colors_info=\u00bb{}\u00bb sticky_enabled=\u00bb0&#8243;][\/et_pb_image][et_pb_divider show_divider=\u00bboff\u00bb _builder_version=\u00bb4.27.4&#8243; _module_preset=\u00bbdefault\u00bb global_colors_info=\u00bb{}\u00bb][\/et_pb_divider][et_pb_heading title=\u00bbListado de expositores\u00bb _builder_version=\u00bb4.27.4&#8243; _module_preset=\u00bbdefault\u00bb title_font=\u00bb|700|||||||\u00bb title_text_color=\u00bb#ff4a19&#8243; global_colors_info=\u00bb{}\u00bb][\/et_pb_heading][\/et_pb_column][\/et_pb_row][et_pb_row column_structure=\u00bb1_2,1_2&#8243; _builder_version=\u00bb4.27.4&#8243; _module_preset=\u00bbdefault\u00bb global_colors_info=\u00bb{}\u00bb][et_pb_column type=\u00bb1_2&#8243; _builder_version=\u00bb4.27.4&#8243; _module_preset=\u00bbdefault\u00bb global_colors_info=\u00bb{}\u00bb][et_pb_text _builder_version=\u00bb4.27.6&#8243; _module_preset=\u00bbdefault\u00bb global_colors_info=\u00bb{}\u00bb]<\/p>\n<ul>\n<li><strong>ABD S.A.<\/strong><br \/>Stand 79<\/li>\n<li><strong>AMS ADVANCES MACHINE SYSTEMS S.A.<\/strong><br \/>Stand 88<\/li>\n<li><strong>API METROLOGY<\/strong><br \/>Stand 3<\/li>\n<li><strong>ARGENMETAL PLANTA OTTONE S.A.<\/strong><br \/>Stand 180<\/li>\n<li><strong>BIPRESS S.R.L.<\/strong><br \/>Stand 82<\/li>\n<li><strong>CADSYST S.R.L.<\/strong><br \/>Stand 6<\/li>\n<li><strong>CAM CONNECTION S.A.<\/strong><br \/>Stand 115<\/li>\n<li><strong>CAMSA S.A.<\/strong><br \/>Stand 119<\/li>\n<li><strong>CASTLE GLOBAL S.A.<\/strong><br \/>Stand 64<\/li>\n<li><strong>CIMHSA<\/strong><br \/>Stand 148<\/li>\n<li><strong>CENA S.R.L.<\/strong><br \/>Stand 85<\/li>\n<li><strong>COCCHIOLA S.A.<\/strong><br \/>Stand 141<\/li>\n<li><strong>CONARCO &#8211; ESAB ARGENTINA<\/strong><br \/>Stand 30<\/li>\n<li><strong>CORTADORAS ARGENTINAS S.A.<\/strong><br \/>Stand 26<\/li>\n<li><strong>COTEAR S.R.L.<\/strong><br \/>Stand 67<\/li>\n<li><strong>CTS SOLDADURAS<\/strong><br \/>Stand 10<\/li>\n<li><strong>DG METAL S.R.L.<\/strong><br \/>Stand 144<\/li>\n<li><strong>DRYADA 3D PRINTER S.R.L.<\/strong><br \/>Stand 121<\/li>\n<li><strong>DTMAQ S.R.L.<\/strong><br \/>Stand 1<\/li>\n<li><strong>ELECTRODOS CORDOBA S.C.<\/strong><br \/>Stand 30<\/li>\n<li><strong>ESTEVE ABRASIVOS<\/strong><br \/>Stand 170<\/li>\n<li><strong>FILTRON S.R.L.<\/strong><br \/>Stand 54<\/li>\n<\/ul>\n<p>[\/et_pb_text][\/et_pb_column][et_pb_column type=\u00bb1_2&#8243; _builder_version=\u00bb4.27.4&#8243; _module_preset=\u00bbdefault\u00bb global_colors_info=\u00bb{}\u00bb][et_pb_text _builder_version=\u00bb4.27.6&#8243; _module_preset=\u00bbdefault\u00bb global_colors_info=\u00bb{}\u00bb]<\/p>\n<ul>\n<li><strong>GALA GAR ARGENTINA S.R.L.<br \/><\/strong>Stand 117<\/li>\n<li><strong>GRUPO BAW<\/strong><br \/>Stand 146<\/li>\n<li><strong>GRUPO RUDA<\/strong><br \/>Stand 56<\/li>\n<li><strong>IDEARCO<\/strong><br \/>Stand 55<\/li>\n<li><strong>INGENIERIA MU\u00d1OZ S.A.<\/strong><br \/>Stand 52<\/li>\n<li><strong>INTEGRA SERVICES S.R.L.<\/strong><br \/>Stand 58<\/li>\n<li><strong>LINEARTEC S.R.L.<\/strong><br \/>Stand 53<\/li>\n<li><strong>MOLINARI S.A.<\/strong><br \/>Stand 88<\/li>\n<li><strong>MULTICAM S.R.L.<\/strong><br \/>Stand 123<\/li>\n<li><strong>NIBBLER S.R.L.<\/strong><br \/>Stand 9<\/li>\n<li><strong>NUOVAMEC S.A.<\/strong><br \/>Stand 111<\/li>\n<li><strong>OSHMA S.R.L.<\/strong><br \/>Stand 59<\/li>\n<li><strong>PANTOGRAFOS MASTER S.R.L.<\/strong><br \/>Stand 113<\/li>\n<li><strong>PATAGONIA CNC MACHINES<\/strong><br \/>Stand 21<\/li>\n<li><strong>PILMHOR S.A.<\/strong><br \/>Stand 126<\/li>\n<li><strong>SECO CUT \/ SECOTOOLS ARGENTINA<br \/><\/strong>Stand 125<\/li>\n<li><strong>STRONG<br \/><\/strong>Stand 72<\/li>\n<li><strong>TCG &#8211; TECNO COMPREZZOR GROUP S.A.<\/strong><br \/>Stand 27<\/li>\n<li><strong>TECMAHE<\/strong><br \/>Stand 61<\/li>\n<li><strong>TRAMAR LATINOAM\u00c9RICA<\/strong><br \/>Stand 68<\/li>\n<li><strong>TRAZARG S.A.S.<\/strong><br \/>Stand 124<\/li>\n<li><strong>UNIR S.A. &#8211; TAURO<\/strong><br \/>Stand 24<\/li>\n<\/ul>\n<p>[\/et_pb_text][\/et_pb_column][\/et_pb_row][\/et_pb_section][et_pb_section fb_built=\u00bb1&#8243; disabled_on=\u00bboff|off|off\u00bb admin_label=\u00bbFAQ\u00bb module_id=\u00bb \u00bb _builder_version=\u00bb4.27.4&#8243; _module_preset=\u00bbdefault\u00bb collapsed=\u00bboff\u00bb global_colors_info=\u00bb{}\u00bb][et_pb_row _builder_version=\u00bb4.23.2&#8243; _module_preset=\u00bbdefault\u00bb global_colors_info=\u00bb{}\u00bb][et_pb_column type=\u00bb4_4&#8243; _builder_version=\u00bb4.23.2&#8243; _module_preset=\u00bbdefault\u00bb global_colors_info=\u00bb{}\u00bb][et_pb_accordion open_toggle_background_color=\u00bbRGBA(255,255,255,0)\u00bb closed_toggle_background_color=\u00bbRGBA(255,255,255,0)\u00bb toggle_icon=\u00bb&#xf067;||fa||900&#8243; icon_color=\u00bbgcid-0a70bcaa-1736-40e0-9723-4fb88b8b6694&#8243; _builder_version=\u00bb4.27.4&#8243; _module_preset=\u00bbdefault\u00bb toggle_text_color=\u00bbgcid-0a70bcaa-1736-40e0-9723-4fb88b8b6694&#8243; toggle_font=\u00bbOutfit|700|||||||\u00bb toggle_font_size=\u00bb20px\u00bb toggle_line_height=\u00bb1.4em\u00bb body_font=\u00bbPoppins||||||||\u00bb body_line_height=\u00bb1.6em\u00bb toggle_font_size_tablet=\u00bb16px\u00bb toggle_font_size_phone=\u00bb14px\u00bb toggle_font_size_last_edited=\u00bbon|desktop\u00bb border_width_all=\u00bb0px\u00bb border_color_all=\u00bb#000000&#8243; border_width_bottom=\u00bb1px\u00bb locked=\u00bboff\u00bb global_colors_info=\u00bb{%22gcid-0a70bcaa-1736-40e0-9723-4fb88b8b6694%22:%91%22icon_color%22,%22toggle_text_color%22%93}\u00bb][et_pb_accordion_item title=\u00bb\u00bfCu\u00e1ndo y d\u00f3nde tendr\u00e1 lugar la Bienal?\u00bb open=\u00bbon\u00bb _builder_version=\u00bb4.27.4&#8243; _module_preset=\u00bbdefault\u00bb global_colors_info=\u00bb{}\u00bb]BIMM tendr\u00e1 lugar el 28, 29 y 30 de mayo de 2026 en Forja Centro de Eventos (Mauricio Yadarola 1699, C\u00f3rdoba, Argentina).[\/et_pb_accordion_item][et_pb_accordion_item title=\u00bb \u00bfCu\u00e1nto sale la entrada?\u00bb _builder_version=\u00bb4.27.4&#8243; _module_preset=\u00bbdefault\u00bb global_colors_info=\u00bb{}\u00bb open=\u00bboff\u00bb]La entrada es gratuita para todos los asistentes.[\/et_pb_accordion_item][et_pb_accordion_item title=\u00bb No formo parte de una empresa, \u00bfpuedo ir?\u00bb _builder_version=\u00bb4.27.4&#8243; _module_preset=\u00bbdefault\u00bb global_colors_info=\u00bb{}\u00bb open=\u00bboff\u00bb]\u00a1S\u00ed! La Bienal no s\u00f3lo est\u00e1 pensada para empresarios industriales, sino tambi\u00e9n para estudiantes t\u00e9cnicos, ingenieros, emprendedores y entusiastas del sector.[\/et_pb_accordion_item][et_pb_accordion_item title=\u00bb\u00bfC\u00f3mo hago para exponer?\u00bb _builder_version=\u00bb4.27.4&#8243; _module_preset=\u00bbdefault\u00bb global_colors_info=\u00bb{}\u00bb open=\u00bboff\u00bb]Escrib\u00ed a coordinacion@bimm.com.ar [\/et_pb_accordion_item][\/et_pb_accordion][\/et_pb_column][\/et_pb_row][\/et_pb_section]<\/p>\n","protected":false},"excerpt":{"rendered":"<p>La FeriaMotor de la industria metalmec\u00e1nica En mayo de 2026 llega a C\u00f3rdoba la primera Bienal Metalmec\u00e1nica (BIMM), el punto de encuentro de la tecnolog\u00eda y la producci\u00f3n. El evento reunir\u00e1 lo \u00faltimo en innovaci\u00f3n aplicada a los sectores metalmec\u00e1nico, metal\u00fargico, agroindustrial, de l\u00ednea blanca, automotriz, y muchos m\u00e1s. Organizada por la C\u00e1mara Argentina de [&hellip;]<\/p>\n","protected":false},"author":1,"featured_media":0,"parent":0,"menu_order":0,"comment_status":"closed","ping_status":"closed","template":"","meta":{"_et_pb_use_builder":"on","_et_pb_old_content":"","_et_gb_content_width":"","footnotes":""},"class_list":["post-196","page","type-page","status-publish","hentry"],"_links":{"self":[{"href":"https:\/\/bimm.com.ar\/index.php\/wp-json\/wp\/v2\/pages\/196","targetHints":{"allow":["GET"]}}],"collection":[{"href":"https:\/\/bimm.com.ar\/index.php\/wp-json\/wp\/v2\/pages"}],"about":[{"href":"https:\/\/bimm.com.ar\/index.php\/wp-json\/wp\/v2\/types\/page"}],"author":[{"embeddable":true,"href":"https:\/\/bimm.com.ar\/index.php\/wp-json\/wp\/v2\/users\/1"}],"replies":[{"embeddable":true,"href":"https:\/\/bimm.com.ar\/index.php\/wp-json\/wp\/v2\/comments?post=196"}],"version-history":[{"count":63,"href":"https:\/\/bimm.com.ar\/index.php\/wp-json\/wp\/v2\/pages\/196\/revisions"}],"predecessor-version":[{"id":545,"href":"https:\/\/bimm.com.ar\/index.php\/wp-json\/wp\/v2\/pages\/196\/revisions\/545"}],"wp:attachment":[{"href":"https:\/\/bimm.com.ar\/index.php\/wp-json\/wp\/v2\/media?parent=196"}],"curies":[{"name":"wp","href":"https:\/\/api.w.org\/{rel}","templated":true}]}}